{"id":37,"date":"2023-12-19T17:37:59","date_gmt":"2023-12-19T17:37:59","guid":{"rendered":"http:\/\/brugger-online.de\/?page_id=37"},"modified":"2025-12-15T17:11:11","modified_gmt":"2025-12-15T17:11:11","slug":"weihnachtsschoppen","status":"publish","type":"page","link":"https:\/\/brugger-online.de\/?page_id=37","title":{"rendered":"Weihnachtsschoppen"},"content":{"rendered":"\n<p class=\"has-large-font-size\"><strong>No10!<\/strong> Am letzten Samstag vor Heiligabend findet der schon traditionelle \u201eNeuh\u00e4usler Weihnachtsschoppen\u201c statt. Veranstaltet wird der Weihnachtsschoppen von den Familien Brugger zusammen mit Anwohnern und gerne helfenden Personen aus den Familien und Freundeskreisen.<\/p>\n\n\n\n<p class=\"has-large-font-size\">Der Weihnachtsschoppen ist als Benefizveranstaltung konzipiert. Die Empf\u00e4nger f\u00fcr den Reinerl\u00f6s wechseln und werden im Voraus ausgew\u00e4hlt.\u00a0<br>F\u00fcr die <strong>Erl\u00f6sverwendung <\/strong>aus dem Schoppen 2025 sind folgende Empf\u00e4nger vorgesehen:<br>&#8211; <a href=\"https:\/\/www.oberschwabenklinik.de\/ihr-aufenthalt-bei-uns\/st-elisabethen-klinikum-in-ravensburg\/klinikclowns.html\">Klinikclowns | Oberschwabenklinik<\/a><br>&#8211; <a href=\"https:\/\/www.krebskranke-kinder-tuebingen.de\/\">F\u00f6rderverein f\u00fcr krebskranke Kinder T\u00fcbingen e. V.<\/a><br><\/p>\n\n\n\n<p class=\"has-large-font-size\">Samstag <strong>20. Dezember 2025<\/strong> ist es wieder soweit, <br><strong>No. 10 <\/strong>startet!<\/p>\n\n\n\n<figure class=\"wp-block-image\"><img loading=\"lazy\" decoding=\"async\" width=\"608\" height=\"848\" src=\"http:\/\/brugger-online.de\/wp-content\/uploads\/2025\/11\/Schoppen_2025.jpg\" alt=\"\" class=\"wp-image-148\" srcset=\"https:\/\/brugger-online.de\/wp-content\/uploads\/2025\/11\/Schoppen_2025.jpg 608w, https:\/\/brugger-online.de\/wp-content\/uploads\/2025\/11\/Schoppen_2025-215x300.jpg 215w\" sizes=\"auto, (max-width: 608px) 100vw, 608px\" \/><\/figure>\n\n\n\n<hr class=\"wp-block-separator has-alpha-channel-opacity\"\/>\n\n\n\n<p class=\"has-large-font-size\"><strong>November 2025<\/strong><\/p>\n\n\n\n<p class=\"has-regular-font-size\"><strong>Der Erl\u00f6s<\/strong> des Weihnachtsschoppens <strong>2024<\/strong> in H\u00f6he von <strong>4.000 Euro<\/strong> wurde aufgeteilt und zu gleichen Teilen an den Hospizverein Tettnang sowie an eine Wohngruppe im Heim Pfingstweid \u00fcberwiesen. <br><strong>Mit dieser Spende m\u00f6chten wir beiden Einrichtungen unsere Wertsch\u00e4tzung ausdr\u00fccken und einen Beitrag zur Unterst\u00fctzung ihrer wertvollen Arbeit leisten.<\/strong><\/p>\n\n\n\n<p class=\"has-large-font-size\"><strong>Januar 2025<\/strong><\/p>\n\n\n\n<p class=\"has-large-font-size\"><strong>Vielen Dank an alle unsere G\u00e4ste!<\/strong> <\/p>\n\n\n\n<p class=\"has-regular-font-size\">Ohne euren Besuch w\u00e4re der Schoppen nichts. Das Wetter hat mitgemacht und sehr viele Mitmenschen sind gekommen und haben den Schoppen zu dem gemacht, was er sein sollte: Eine fr\u00f6hliche Zusammenkunft zwischen Jung und Alt in entspannter Atmosph\u00e4re. <\/p>\n\n\n\n<p class=\"has-large-font-size\"><strong>Dezember 2024<\/strong><\/p>\n\n\n\n<p>Der 9. Neuh\u00e4usler Weihnachtsschoppen auf dem Gel\u00e4nde <strong>KFZ Brugger<\/strong> und <strong>Schreinerei Brugger<\/strong> bewirtete die in gro\u00dfer Zahl gekommenen Besucher. Ab 17 Uhr spielten die Obereisenbacher Weihnachtsbl\u00e4ser und sorgten f\u00fcr die festliche Stimmung. Neben leckerem Essen und Trinken laden einige St\u00e4nde sowie die Tombola zum St\u00f6bern ein. Heizpilze und Holz\u00f6fen sorgen f\u00fcr ausreichende W\u00e4rme und eine vorweihnachtliche Stimmung. Der Erl\u00f6s aus  2024 geht je zur H\u00e4lfte an eine Wohngruppe in der Diakonie Pfingstweid sowie an den Hospizverein Tettnang.<\/p>\n\n\n\n<p class=\"has-large-font-size\"><strong>Impressionen 2024<\/strong><\/p>\n\n\n\n<figure class=\"wp-block-gallery has-nested-images columns-default is-cropped wp-block-gallery-1 is-layout-flex wp-block-gallery-is-layout-flex\">\n<figure class=\"wp-block-image size-full\"><img loading=\"lazy\" decoding=\"async\" width=\"800\" height=\"559\" data-id=\"98\" src=\"https:\/\/brugger-online.de\/wp-content\/uploads\/2025\/01\/Baumtransport-1.jpg\" alt=\"Transport Tannenbaum\" class=\"wp-image-98\" srcset=\"https:\/\/brugger-online.de\/wp-content\/uploads\/2025\/01\/Baumtransport-1.jpg 800w, https:\/\/brugger-online.de\/wp-content\/uploads\/2025\/01\/Baumtransport-1-300x210.jpg 300w, https:\/\/brugger-online.de\/wp-content\/uploads\/2025\/01\/Baumtransport-1-768x537.jpg 768w, https:\/\/brugger-online.de\/wp-content\/uploads\/2025\/01\/Baumtransport-1-676x472.jpg 676w\" sizes=\"auto, (max-width: 800px) 100vw, 800px\" \/><\/figure>\n<\/figure>\n\n\n\n<figure class=\"wp-block-gallery has-nested-images columns-default is-cropped wp-block-gallery-2 is-layout-flex wp-block-gallery-is-layout-flex\">\n<figure class=\"wp-block-image size-large\"><img loading=\"lazy\" decoding=\"async\" width=\"768\" height=\"1024\" data-id=\"83\" src=\"https:\/\/brugger-online.de\/wp-content\/uploads\/2025\/01\/Christbaum-768x1024.jpg\" alt=\"Christbaum geschm\u00fcckt\" class=\"wp-image-83\" srcset=\"https:\/\/brugger-online.de\/wp-content\/uploads\/2025\/01\/Christbaum-768x1024.jpg 768w, https:\/\/brugger-online.de\/wp-content\/uploads\/2025\/01\/Christbaum-225x300.jpg 225w, https:\/\/brugger-online.de\/wp-content\/uploads\/2025\/01\/Christbaum-1152x1536.jpg 1152w, https:\/\/brugger-online.de\/wp-content\/uploads\/2025\/01\/Christbaum-676x901.jpg 676w, https:\/\/brugger-online.de\/wp-content\/uploads\/2025\/01\/Christbaum.jpg 1368w\" sizes=\"auto, (max-width: 768px) 100vw, 768px\" \/><\/figure>\n<\/figure>\n\n\n\n<figure class=\"wp-block-image size-large\"><img loading=\"lazy\" decoding=\"async\" width=\"699\" height=\"1024\" src=\"https:\/\/brugger-online.de\/wp-content\/uploads\/2025\/01\/Christbaum_2-4-699x1024.jpg\" alt=\"\" class=\"wp-image-138\" srcset=\"https:\/\/brugger-online.de\/wp-content\/uploads\/2025\/01\/Christbaum_2-4-699x1024.jpg 699w, https:\/\/brugger-online.de\/wp-content\/uploads\/2025\/01\/Christbaum_2-4-205x300.jpg 205w, https:\/\/brugger-online.de\/wp-content\/uploads\/2025\/01\/Christbaum_2-4-768x1125.jpg 768w, https:\/\/brugger-online.de\/wp-content\/uploads\/2025\/01\/Christbaum_2-4-676x990.jpg 676w, https:\/\/brugger-online.de\/wp-content\/uploads\/2025\/01\/Christbaum_2-4.jpg 800w\" sizes=\"auto, (max-width: 699px) 100vw, 699px\" \/><\/figure>\n\n\n\n<figure class=\"wp-block-image size-full\"><img loading=\"lazy\" decoding=\"async\" width=\"800\" height=\"936\" src=\"https:\/\/brugger-online.de\/wp-content\/uploads\/2025\/01\/Aufbau-1.jpg\" alt=\"Zugang\" class=\"wp-image-97\" srcset=\"https:\/\/brugger-online.de\/wp-content\/uploads\/2025\/01\/Aufbau-1.jpg 800w, https:\/\/brugger-online.de\/wp-content\/uploads\/2025\/01\/Aufbau-1-256x300.jpg 256w, https:\/\/brugger-online.de\/wp-content\/uploads\/2025\/01\/Aufbau-1-768x899.jpg 768w, https:\/\/brugger-online.de\/wp-content\/uploads\/2025\/01\/Aufbau-1-676x791.jpg 676w\" sizes=\"auto, (max-width: 800px) 100vw, 800px\" \/><\/figure>\n\n\n\n<figure class=\"wp-block-image size-full\"><img loading=\"lazy\" decoding=\"async\" width=\"800\" height=\"1077\" src=\"http:\/\/brugger-online.de\/wp-content\/uploads\/2025\/01\/Holzstand.jpg\" alt=\"Holzstand\" class=\"wp-image-113\" srcset=\"https:\/\/brugger-online.de\/wp-content\/uploads\/2025\/01\/Holzstand.jpg 800w, https:\/\/brugger-online.de\/wp-content\/uploads\/2025\/01\/Holzstand-223x300.jpg 223w, https:\/\/brugger-online.de\/wp-content\/uploads\/2025\/01\/Holzstand-761x1024.jpg 761w, https:\/\/brugger-online.de\/wp-content\/uploads\/2025\/01\/Holzstand-768x1034.jpg 768w, https:\/\/brugger-online.de\/wp-content\/uploads\/2025\/01\/Holzstand-676x910.jpg 676w\" sizes=\"auto, (max-width: 800px) 100vw, 800px\" \/><\/figure>\n\n\n\n<figure class=\"wp-block-image size-full\"><img loading=\"lazy\" decoding=\"async\" width=\"800\" height=\"934\" src=\"https:\/\/brugger-online.de\/wp-content\/uploads\/2025\/01\/Schokostand-2.jpg\" alt=\"Schokostand\" class=\"wp-image-121\" srcset=\"https:\/\/brugger-online.de\/wp-content\/uploads\/2025\/01\/Schokostand-2.jpg 800w, https:\/\/brugger-online.de\/wp-content\/uploads\/2025\/01\/Schokostand-2-257x300.jpg 257w, https:\/\/brugger-online.de\/wp-content\/uploads\/2025\/01\/Schokostand-2-768x897.jpg 768w, https:\/\/brugger-online.de\/wp-content\/uploads\/2025\/01\/Schokostand-2-676x789.jpg 676w\" sizes=\"auto, (max-width: 800px) 100vw, 800px\" \/><\/figure>\n\n\n\n<figure class=\"wp-block-image size-full\"><img loading=\"lazy\" decoding=\"async\" width=\"800\" height=\"813\" src=\"https:\/\/brugger-online.de\/wp-content\/uploads\/2025\/01\/Mandelstand-2.jpg\" alt=\"Mandelstand\" class=\"wp-image-122\" srcset=\"https:\/\/brugger-online.de\/wp-content\/uploads\/2025\/01\/Mandelstand-2.jpg 800w, https:\/\/brugger-online.de\/wp-content\/uploads\/2025\/01\/Mandelstand-2-295x300.jpg 295w, https:\/\/brugger-online.de\/wp-content\/uploads\/2025\/01\/Mandelstand-2-768x780.jpg 768w, https:\/\/brugger-online.de\/wp-content\/uploads\/2025\/01\/Mandelstand-2-676x687.jpg 676w\" sizes=\"auto, (max-width: 800px) 100vw, 800px\" \/><\/figure>\n\n\n\n<figure class=\"wp-block-image size-full\"><img loading=\"lazy\" decoding=\"async\" width=\"800\" height=\"492\" src=\"https:\/\/brugger-online.de\/wp-content\/uploads\/2025\/01\/weihnachtsmann_1.jpg\" alt=\"Weihnachtsstern\" class=\"wp-image-140\" srcset=\"https:\/\/brugger-online.de\/wp-content\/uploads\/2025\/01\/weihnachtsmann_1.jpg 800w, https:\/\/brugger-online.de\/wp-content\/uploads\/2025\/01\/weihnachtsmann_1-300x185.jpg 300w, https:\/\/brugger-online.de\/wp-content\/uploads\/2025\/01\/weihnachtsmann_1-768x472.jpg 768w, https:\/\/brugger-online.de\/wp-content\/uploads\/2025\/01\/weihnachtsmann_1-676x416.jpg 676w\" sizes=\"auto, (max-width: 800px) 100vw, 800px\" \/><\/figure>\n\n\n\n<figure class=\"wp-block-image size-full\"><img loading=\"lazy\" decoding=\"async\" width=\"800\" height=\"896\" src=\"http:\/\/brugger-online.de\/wp-content\/uploads\/2025\/01\/Lammstand-2.jpg\" alt=\"Lammstand\" class=\"wp-image-124\" srcset=\"https:\/\/brugger-online.de\/wp-content\/uploads\/2025\/01\/Lammstand-2.jpg 800w, https:\/\/brugger-online.de\/wp-content\/uploads\/2025\/01\/Lammstand-2-268x300.jpg 268w, https:\/\/brugger-online.de\/wp-content\/uploads\/2025\/01\/Lammstand-2-768x860.jpg 768w, https:\/\/brugger-online.de\/wp-content\/uploads\/2025\/01\/Lammstand-2-676x757.jpg 676w\" sizes=\"auto, (max-width: 800px) 100vw, 800px\" \/><\/figure>\n\n\n\n<figure class=\"wp-block-image size-full\"><img loading=\"lazy\" decoding=\"async\" width=\"800\" height=\"493\" src=\"https:\/\/brugger-online.de\/wp-content\/uploads\/2025\/01\/Kaesestand-4.jpg\" alt=\"K\u00e4sestand\" class=\"wp-image-127\" srcset=\"https:\/\/brugger-online.de\/wp-content\/uploads\/2025\/01\/Kaesestand-4.jpg 800w, https:\/\/brugger-online.de\/wp-content\/uploads\/2025\/01\/Kaesestand-4-300x185.jpg 300w, https:\/\/brugger-online.de\/wp-content\/uploads\/2025\/01\/Kaesestand-4-768x473.jpg 768w, https:\/\/brugger-online.de\/wp-content\/uploads\/2025\/01\/Kaesestand-4-676x417.jpg 676w\" sizes=\"auto, (max-width: 800px) 100vw, 800px\" \/><\/figure>\n\n\n\n<figure class=\"wp-block-image size-full\"><img loading=\"lazy\" decoding=\"async\" width=\"800\" height=\"814\" src=\"http:\/\/brugger-online.de\/wp-content\/uploads\/2025\/01\/weihnachtsmann.jpg\" alt=\"weihnachtsmann\" class=\"wp-image-143\" srcset=\"https:\/\/brugger-online.de\/wp-content\/uploads\/2025\/01\/weihnachtsmann.jpg 800w, https:\/\/brugger-online.de\/wp-content\/uploads\/2025\/01\/weihnachtsmann-295x300.jpg 295w, https:\/\/brugger-online.de\/wp-content\/uploads\/2025\/01\/weihnachtsmann-768x781.jpg 768w, https:\/\/brugger-online.de\/wp-content\/uploads\/2025\/01\/weihnachtsmann-676x688.jpg 676w\" sizes=\"auto, (max-width: 800px) 100vw, 800px\" \/><\/figure>\n\n\n\n<figure class=\"wp-block-image size-full\"><img loading=\"lazy\" decoding=\"async\" width=\"800\" height=\"844\" src=\"https:\/\/brugger-online.de\/wp-content\/uploads\/2025\/01\/Waffelstand-2.jpg\" alt=\"Waffelstand\" class=\"wp-image-119\" srcset=\"https:\/\/brugger-online.de\/wp-content\/uploads\/2025\/01\/Waffelstand-2.jpg 800w, https:\/\/brugger-online.de\/wp-content\/uploads\/2025\/01\/Waffelstand-2-284x300.jpg 284w, https:\/\/brugger-online.de\/wp-content\/uploads\/2025\/01\/Waffelstand-2-768x810.jpg 768w, https:\/\/brugger-online.de\/wp-content\/uploads\/2025\/01\/Waffelstand-2-676x713.jpg 676w\" sizes=\"auto, (max-width: 800px) 100vw, 800px\" \/><\/figure>\n\n\n\n<figure class=\"wp-block-image size-full\"><img loading=\"lazy\" decoding=\"async\" width=\"800\" height=\"945\" src=\"https:\/\/brugger-online.de\/wp-content\/uploads\/2025\/01\/Red_nose_Stand-2.jpg\" alt=\"Rote Nasen Stand\" class=\"wp-image-129\" srcset=\"https:\/\/brugger-online.de\/wp-content\/uploads\/2025\/01\/Red_nose_Stand-2.jpg 800w, https:\/\/brugger-online.de\/wp-content\/uploads\/2025\/01\/Red_nose_Stand-2-254x300.jpg 254w, https:\/\/brugger-online.de\/wp-content\/uploads\/2025\/01\/Red_nose_Stand-2-768x907.jpg 768w, https:\/\/brugger-online.de\/wp-content\/uploads\/2025\/01\/Red_nose_Stand-2-676x799.jpg 676w\" sizes=\"auto, (max-width: 800px) 100vw, 800px\" \/><\/figure>\n\n\n\n<figure class=\"wp-block-image size-full\"><img loading=\"lazy\" decoding=\"async\" width=\"800\" height=\"830\" src=\"https:\/\/brugger-online.de\/wp-content\/uploads\/2025\/01\/Wurststand-2.jpg\" alt=\"Wurststand\" class=\"wp-image-117\" srcset=\"https:\/\/brugger-online.de\/wp-content\/uploads\/2025\/01\/Wurststand-2.jpg 800w, https:\/\/brugger-online.de\/wp-content\/uploads\/2025\/01\/Wurststand-2-289x300.jpg 289w, https:\/\/brugger-online.de\/wp-content\/uploads\/2025\/01\/Wurststand-2-768x797.jpg 768w, https:\/\/brugger-online.de\/wp-content\/uploads\/2025\/01\/Wurststand-2-676x701.jpg 676w\" sizes=\"auto, (max-width: 800px) 100vw, 800px\" \/><\/figure>\n\n\n\n<figure class=\"wp-block-image size-full\"><img loading=\"lazy\" decoding=\"async\" width=\"800\" height=\"960\" src=\"https:\/\/brugger-online.de\/wp-content\/uploads\/2025\/01\/Schneemann-1.jpg\" alt=\"\" class=\"wp-image-134\" srcset=\"https:\/\/brugger-online.de\/wp-content\/uploads\/2025\/01\/Schneemann-1.jpg 800w, https:\/\/brugger-online.de\/wp-content\/uploads\/2025\/01\/Schneemann-1-250x300.jpg 250w, https:\/\/brugger-online.de\/wp-content\/uploads\/2025\/01\/Schneemann-1-768x922.jpg 768w, https:\/\/brugger-online.de\/wp-content\/uploads\/2025\/01\/Schneemann-1-676x811.jpg 676w\" sizes=\"auto, (max-width: 800px) 100vw, 800px\" \/><\/figure>\n\n\n\n<p class=\"has-large-font-size\"><strong>Ciao, gerne erwarten wir euch am 20. Dezember 2025 zum <\/strong><br><strong>10. Schoppen wieder.<\/strong><\/p>\n\n\n\n<hr class=\"wp-block-separator has-alpha-channel-opacity\"\/>\n\n\n\n<h4 class=\"wp-block-heading has-large-font-size\"><strong>Dezember 2023<\/strong><\/h4>\n\n\n\n<figure class=\"wp-block-image\"><img loading=\"lazy\" decoding=\"async\" width=\"1791\" height=\"1312\" src=\"https:\/\/brugger-online.de\/wp-content\/uploads\/2024\/01\/Team.png\" alt=\"Das Team\" class=\"wp-image-54\" srcset=\"https:\/\/brugger-online.de\/wp-content\/uploads\/2024\/01\/Team.png 1791w, https:\/\/brugger-online.de\/wp-content\/uploads\/2024\/01\/Team-300x220.png 300w, https:\/\/brugger-online.de\/wp-content\/uploads\/2024\/01\/Team-1024x750.png 1024w, https:\/\/brugger-online.de\/wp-content\/uploads\/2024\/01\/Team-768x563.png 768w, https:\/\/brugger-online.de\/wp-content\/uploads\/2024\/01\/Team-1536x1125.png 1536w, https:\/\/brugger-online.de\/wp-content\/uploads\/2024\/01\/Team-676x495.png 676w\" sizes=\"auto, (max-width: 1791px) 100vw, 1791px\" \/><figcaption class=\"wp-element-caption\">Das Benefiz-Helferteam 2023<\/figcaption><\/figure>\n\n\n\n<p>Der Reinerl\u00f6s der Veranstaltung in H\u00f6he von 3.800 Euro ging 2023 an den ambulanten Kinder- und Jugendhospizdienst Amalie in Weingarten. <\/p>\n\n\n\n<p><\/p>\n","protected":false},"excerpt":{"rendered":"<p>No10! Am letzten Samstag vor Heiligabend findet der schon traditionelle \u201eNeuh\u00e4usler Weihnachtsschoppen\u201c statt. Veranstaltet wird der Weihnachtsschoppen von den Familien Brugger zusammen mit Anwohnern und gerne helfenden Personen aus den Familien und Freundeskreisen. Der Weihnachtsschoppen ist als Benefizveranstaltung konzipiert. Die Empf\u00e4nger f\u00fcr den Reinerl\u00f6s wechseln und werden im Voraus ausgew\u00e4hlt.\u00a0F\u00fcr die Erl\u00f6sverwendung aus dem Schoppen [&hellip;]<\/p>\n","protected":false},"author":1,"featured_media":44,"parent":0,"menu_order":0,"comment_status":"closed","ping_status":"closed","template":"","meta":{"footnotes":""},"class_list":["post-37","page","type-page","status-publish","has-post-thumbnail","hentry","post-preview"],"_links":{"self":[{"href":"https:\/\/brugger-online.de\/index.php?rest_route=\/wp\/v2\/pages\/37","targetHints":{"allow":["GET"]}}],"collection":[{"href":"https:\/\/brugger-online.de\/index.php?rest_route=\/wp\/v2\/pages"}],"about":[{"href":"https:\/\/brugger-online.de\/index.php?rest_route=\/wp\/v2\/types\/page"}],"author":[{"embeddable":true,"href":"https:\/\/brugger-online.de\/index.php?rest_route=\/wp\/v2\/users\/1"}],"replies":[{"embeddable":true,"href":"https:\/\/brugger-online.de\/index.php?rest_route=%2Fwp%2Fv2%2Fcomments&post=37"}],"version-history":[{"count":45,"href":"https:\/\/brugger-online.de\/index.php?rest_route=\/wp\/v2\/pages\/37\/revisions"}],"predecessor-version":[{"id":162,"href":"https:\/\/brugger-online.de\/index.php?rest_route=\/wp\/v2\/pages\/37\/revisions\/162"}],"wp:featuredmedia":[{"embeddable":true,"href":"https:\/\/brugger-online.de\/index.php?rest_route=\/wp\/v2\/media\/44"}],"wp:attachment":[{"href":"https:\/\/brugger-online.de\/index.php?rest_route=%2Fwp%2Fv2%2Fmedia&parent=37"}],"curies":[{"name":"wp","href":"https:\/\/api.w.org\/{rel}","templated":true}]}}