{"id":29,"date":"2023-09-12T12:43:07","date_gmt":"2023-09-12T12:43:07","guid":{"rendered":"http:\/\/brugger-online.de\/?page_id=29"},"modified":"2023-09-12T12:43:07","modified_gmt":"2023-09-12T12:43:07","slug":"impressum","status":"publish","type":"page","link":"https:\/\/brugger-online.de\/?page_id=29","title":{"rendered":"Impressum"},"content":{"rendered":"\n<p>Verantwortlich f\u00fcr die Inhalte dieser Seiten&nbsp;nach TMG bzw.&nbsp;\u00a7 55 Abs. 2 RStV:<\/p>\n\n\n\n<p><strong>Manfred Brugger<br>Forchenweg 2<\/strong><\/p>\n\n\n\n<p><strong>88069 Tettnang<br>Tel. 07542\/52701<\/strong><\/p>\n\n\n\n<p>Webseitenerstellung:&nbsp;Manfred Brugger, Forchenweg 2, 88069 Tettnang, Tel.:&nbsp;07542\/52701<\/p>\n\n\n\n<p>Wir sind bem\u00fcht, aktuelle und korrekte Informationen auf dem Internetauftritt zu ver\u00f6ffentlichen. Dennoch \u00fcbernehmen wir keinerlei Garantien, Zusicherungen oder Haftungen f\u00fcr die Richtigkeit, Vollst\u00e4ndigkeit, Nutzbarkeit etc. der auf diesem Internetauftritt dargestellten Informationen.Suche nach:<\/p>\n","protected":false},"excerpt":{"rendered":"<p>Verantwortlich f\u00fcr die Inhalte dieser Seiten&nbsp;nach TMG bzw.&nbsp;\u00a7 55 Abs. 2 RStV: Manfred BruggerForchenweg 2 88069 TettnangTel. 07542\/52701 Webseitenerstellung:&nbsp;Manfred Brugger, Forchenweg 2, 88069 Tettnang, Tel.:&nbsp;07542\/52701 Wir sind bem\u00fcht, aktuelle und korrekte Informationen auf dem Internetauftritt zu ver\u00f6ffentlichen. Dennoch \u00fcbernehmen wir keinerlei Garantien, Zusicherungen oder Haftungen f\u00fcr die Richtigkeit, Vollst\u00e4ndigkeit, Nutzbarkeit etc. der auf diesem Internetauftritt [&hellip;]<\/p>\n","protected":false},"author":1,"featured_media":0,"parent":0,"menu_order":0,"comment_status":"closed","ping_status":"closed","template":"","meta":{"footnotes":""},"class_list":["post-29","page","type-page","status-publish","hentry","post-preview"],"_links":{"self":[{"href":"https:\/\/brugger-online.de\/index.php?rest_route=\/wp\/v2\/pages\/29","targetHints":{"allow":["GET"]}}],"collection":[{"href":"https:\/\/brugger-online.de\/index.php?rest_route=\/wp\/v2\/pages"}],"about":[{"href":"https:\/\/brugger-online.de\/index.php?rest_route=\/wp\/v2\/types\/page"}],"author":[{"embeddable":true,"href":"https:\/\/brugger-online.de\/index.php?rest_route=\/wp\/v2\/users\/1"}],"replies":[{"embeddable":true,"href":"https:\/\/brugger-online.de\/index.php?rest_route=%2Fwp%2Fv2%2Fcomments&post=29"}],"version-history":[{"count":1,"href":"https:\/\/brugger-online.de\/index.php?rest_route=\/wp\/v2\/pages\/29\/revisions"}],"predecessor-version":[{"id":30,"href":"https:\/\/brugger-online.de\/index.php?rest_route=\/wp\/v2\/pages\/29\/revisions\/30"}],"wp:attachment":[{"href":"https:\/\/brugger-online.de\/index.php?rest_route=%2Fwp%2Fv2%2Fmedia&parent=29"}],"curies":[{"name":"wp","href":"https:\/\/api.w.org\/{rel}","templated":true}]}}